{"id":1104,"date":"2021-01-22T12:43:26","date_gmt":"2021-01-22T12:43:26","guid":{"rendered":"http:\/\/web5.boiler-berlin.de\/?page_id=1104"},"modified":"2022-11-08T08:27:19","modified_gmt":"2022-11-08T08:27:19","slug":"inside","status":"publish","type":"page","link":"https:\/\/boiler-berlin.de\/en\/inside\/","title":{"rendered":"Inside"},"content":{"rendered":"\n<div class=\"wp-block-group\"><div class=\"wp-block-group__inner-container is-layout-flow wp-block-group-is-layout-flow\">\n<p>Welcome to Berlin&#8217;s most unique <strong>men&#8217;s bathhouse<\/strong>. With our incomparable mix of industrial architecture, modern wellness facilities and diverse gastronomic offerings, we invite you to leave your everyday life behind. There is much to discover. With a smile!<\/p>\n\n\n\n<h2 class=\"wp-block-heading\">Lockerroom<\/h2>\n<\/div><\/div>\n\n\n\n\t<div class=\"wp-spaios-slider-wrap wp-spaios-row-clearfix\" data-conf=\"{&quot;arrow&quot;:&quot;true&quot;,&quot;pagination&quot;:&quot;true&quot;,&quot;speed&quot;:&quot;1000&quot;,&quot;autoplay&quot;:&quot;true&quot;,&quot;autoplay_speed&quot;:&quot;3000&quot;,&quot;show_caption&quot;:0,&quot;start_nivo&quot;:&quot;&quot;,&quot;effect_nivo&quot;:&quot;sliceDown&quot;,&quot;pauseon_over_nivo&quot;:&quot;true&quot;,&quot;random_start_nivo&quot;:&quot;true&quot;}\">\n\t\t<div class=\"wp-spaios-slider wp-spaios-nivo-slider wp-spaios-gallery  nivo-slider\" id=\"wp-spaios-nivo-slider-1\" style=\"max-width:px; margin:0 auto;\">\n\t\t\t\t<a class=\"wp-spaios-img-link\" href=\"https:\/\/www.boiler-berlin.de\/wp-content\/uploads\/2020\/05\/vvg1208263_1-1024x600.jpg\" data-fancybox=\"gallery\" data-options=\"{&quot;loop&quot;:&quot;true&quot;,&quot;transitionEffect&quot;:&quot;slide&quot;}\">\r\n\t\t<img decoding=\"async\" class=\"wp-spaios-slider-image\" src=\"https:\/\/www.boiler-berlin.de\/wp-content\/uploads\/2020\/05\/vvg1208263_1-1024x600.jpg\" alt=\"\" title=\"\" \/>\r\n\t<\/a>\r\n\t<a class=\"wp-spaios-img-link\" href=\"https:\/\/www.boiler-berlin.de\/wp-content\/uploads\/2020\/05\/vvg1208388_1-1024x682.jpg\" data-fancybox=\"gallery\" data-options=\"{&quot;loop&quot;:&quot;true&quot;,&quot;transitionEffect&quot;:&quot;slide&quot;}\">\r\n\t\t<img decoding=\"async\" class=\"wp-spaios-slider-image\" src=\"https:\/\/www.boiler-berlin.de\/wp-content\/uploads\/2020\/05\/vvg1208388_1-1024x682.jpg\" alt=\"\" title=\"Unser gro\u00dfz\u00fcgiger Umkleidebereich erwartet Dich mit viel Platz im Spind.  Frische Handt\u00fccher, Badeschuhe, Einwegrasierer und Zahnb\u00fcrste halten wir an der Rezeption f\u00fcr Dich bereit.  Duschgel und Bodylotion findest Du im Duschbereich.   Der BOILER verf\u00fcgt insgesamt \u00fcber drei kostenfreie Hygieneduschen. \" \/>\r\n\t<\/a>\r\n\t<a class=\"wp-spaios-img-link\" href=\"https:\/\/www.boiler-berlin.de\/wp-content\/uploads\/2020\/05\/vvg1208390_1-1024x682.jpg\" data-fancybox=\"gallery\" data-options=\"{&quot;loop&quot;:&quot;true&quot;,&quot;transitionEffect&quot;:&quot;slide&quot;}\">\r\n\t\t<img decoding=\"async\" class=\"wp-spaios-slider-image\" src=\"https:\/\/www.boiler-berlin.de\/wp-content\/uploads\/2020\/05\/vvg1208390_1-1024x682.jpg\" alt=\"\" title=\"\" \/>\r\n\t<\/a>\r\n\t<a class=\"wp-spaios-img-link\" href=\"https:\/\/www.boiler-berlin.de\/wp-content\/uploads\/2020\/05\/vvg1208389_1-1024x682.jpg\" data-fancybox=\"gallery\" data-options=\"{&quot;loop&quot;:&quot;true&quot;,&quot;transitionEffect&quot;:&quot;slide&quot;}\">\r\n\t\t<img decoding=\"async\" class=\"wp-spaios-slider-image\" src=\"https:\/\/www.boiler-berlin.de\/wp-content\/uploads\/2020\/05\/vvg1208389_1-1024x682.jpg\" alt=\"\" title=\"\" \/>\r\n\t<\/a>\r\n\t\t\t\t\t<\/div>\n\t<\/div>\n\t\n\n\n\n<p>Our spacious changing area awaits you with plenty of locker space.<br>Fresh towels, slippers, disposable razor and toothbrush are available at the reception. Shower gel and body lotion can be found in the shower area.<br>The BOILER has a total of three free hygienic showers.<\/p>\n\n\n\n<h2 class=\"wp-block-heading\">Bar<\/h2>\n\n\n\n\t<div class=\"wp-spaios-slider-wrap wp-spaios-row-clearfix\" data-conf=\"{&quot;arrow&quot;:&quot;true&quot;,&quot;pagination&quot;:&quot;true&quot;,&quot;speed&quot;:&quot;1000&quot;,&quot;autoplay&quot;:&quot;true&quot;,&quot;autoplay_speed&quot;:&quot;3000&quot;,&quot;show_caption&quot;:0,&quot;start_nivo&quot;:&quot;&quot;,&quot;effect_nivo&quot;:&quot;sliceDown&quot;,&quot;pauseon_over_nivo&quot;:&quot;true&quot;,&quot;random_start_nivo&quot;:&quot;true&quot;}\">\n\t\t<div class=\"wp-spaios-slider wp-spaios-nivo-slider wp-spaios-gallery  nivo-slider\" id=\"wp-spaios-nivo-slider-2\" style=\"max-width:px; margin:0 auto;\">\n\t\t\t\t<a class=\"wp-spaios-img-link\" href=\"https:\/\/www.boiler-berlin.de\/wp-content\/uploads\/2020\/05\/vvg1208470_1-1024x682.jpg\" data-fancybox=\"gallery\" data-options=\"{&quot;loop&quot;:&quot;true&quot;,&quot;transitionEffect&quot;:&quot;slide&quot;}\">\r\n\t\t<img decoding=\"async\" class=\"wp-spaios-slider-image\" src=\"https:\/\/www.boiler-berlin.de\/wp-content\/uploads\/2020\/05\/vvg1208470_1-1024x682.jpg\" alt=\"\" title=\"\" \/>\r\n\t<\/a>\r\n\t<a class=\"wp-spaios-img-link\" href=\"https:\/\/www.boiler-berlin.de\/wp-content\/uploads\/2020\/05\/vvg1208351_1-1024x682.jpg\" data-fancybox=\"gallery\" data-options=\"{&quot;loop&quot;:&quot;true&quot;,&quot;transitionEffect&quot;:&quot;slide&quot;}\">\r\n\t\t<img decoding=\"async\" class=\"wp-spaios-slider-image\" src=\"https:\/\/www.boiler-berlin.de\/wp-content\/uploads\/2020\/05\/vvg1208351_1-1024x682.jpg\" alt=\"\" title=\"\" \/>\r\n\t<\/a>\r\n\t<a class=\"wp-spaios-img-link\" href=\"https:\/\/www.boiler-berlin.de\/wp-content\/uploads\/2021\/01\/vvg1208509-scaled.jpg\" data-fancybox=\"gallery\" data-options=\"{&quot;loop&quot;:&quot;true&quot;,&quot;transitionEffect&quot;:&quot;slide&quot;}\">\r\n\t\t<img decoding=\"async\" class=\"wp-spaios-slider-image\" src=\"https:\/\/www.boiler-berlin.de\/wp-content\/uploads\/2021\/01\/vvg1208509-scaled.jpg\" alt=\"\" title=\"\" \/>\r\n\t<\/a>\r\n\t\t\t\t\t<\/div>\n\t<\/div>\n\t\n\n\n\n<p>At our bar we offer you a wide selection of refreshments and small dishes. Relax here with nice men, let yourself be inspired or go directly on a voyage of discovery again<\/p>\n\n\n\n<h2 class=\"wp-block-heading\">Outside<\/h2>\n\n\n\n<figure class=\"wp-block-image size-large\"><img fetchpriority=\"high\" decoding=\"async\" width=\"1024\" height=\"764\" src=\"https:\/\/www.boiler-berlin.de\/wp-content\/uploads\/2021\/02\/Garten-1024x764.jpg\" alt=\"\" class=\"wp-image-1267\" srcset=\"https:\/\/www.boiler-berlin.de\/wp-content\/uploads\/2021\/02\/Garten-1024x764.jpg 1024w, https:\/\/www.boiler-berlin.de\/wp-content\/uploads\/2021\/02\/Garten-350x261.jpg 350w, https:\/\/www.boiler-berlin.de\/wp-content\/uploads\/2021\/02\/Garten-300x224.jpg 300w, https:\/\/www.boiler-berlin.de\/wp-content\/uploads\/2021\/02\/Garten-768x573.jpg 768w, https:\/\/www.boiler-berlin.de\/wp-content\/uploads\/2021\/02\/Garten.jpg 1239w\" sizes=\"(max-width: 706px) 89vw, (max-width: 767px) 82vw, 740px\" \/><\/figure>\n\n\n\n<p>Next to the bar, our garden invites you to soak up the light and air. Here you can cool off from the sauna and let your soul dangle.<\/p>\n\n\n\n<h2 class=\"wp-block-heading\">Spa<\/h2>\n\n\n\n\t<div class=\"wp-spaios-slider-wrap wp-spaios-row-clearfix\" data-conf=\"{&quot;arrow&quot;:&quot;true&quot;,&quot;pagination&quot;:&quot;true&quot;,&quot;speed&quot;:&quot;1000&quot;,&quot;autoplay&quot;:&quot;true&quot;,&quot;autoplay_speed&quot;:&quot;3000&quot;,&quot;show_caption&quot;:0,&quot;start_nivo&quot;:&quot;&quot;,&quot;effect_nivo&quot;:&quot;sliceDown&quot;,&quot;pauseon_over_nivo&quot;:&quot;true&quot;,&quot;random_start_nivo&quot;:&quot;true&quot;}\">\n\t\t<div class=\"wp-spaios-slider wp-spaios-nivo-slider wp-spaios-gallery  nivo-slider\" id=\"wp-spaios-nivo-slider-3\" style=\"max-width:px; margin:0 auto;\">\n\t\t\t\t<a class=\"wp-spaios-img-link\" href=\"https:\/\/www.boiler-berlin.de\/wp-content\/uploads\/2020\/05\/vvg1208289_1-1024x682.jpg\" data-fancybox=\"gallery\" data-options=\"{&quot;loop&quot;:&quot;true&quot;,&quot;transitionEffect&quot;:&quot;slide&quot;}\">\r\n\t\t<img decoding=\"async\" class=\"wp-spaios-slider-image\" src=\"https:\/\/www.boiler-berlin.de\/wp-content\/uploads\/2020\/05\/vvg1208289_1-1024x682.jpg\" alt=\"\" title=\"\" \/>\r\n\t<\/a>\r\n\t<a class=\"wp-spaios-img-link\" href=\"https:\/\/www.boiler-berlin.de\/wp-content\/uploads\/2020\/05\/vvg1208437_1-1024x682.jpg\" data-fancybox=\"gallery\" data-options=\"{&quot;loop&quot;:&quot;true&quot;,&quot;transitionEffect&quot;:&quot;slide&quot;}\">\r\n\t\t<img decoding=\"async\" class=\"wp-spaios-slider-image\" src=\"https:\/\/www.boiler-berlin.de\/wp-content\/uploads\/2020\/05\/vvg1208437_1-1024x682.jpg\" alt=\"\" title=\"\" \/>\r\n\t<\/a>\r\n\t<a class=\"wp-spaios-img-link\" href=\"https:\/\/www.boiler-berlin.de\/wp-content\/uploads\/2020\/05\/vvg1208419_1-1024x682.jpg\" data-fancybox=\"gallery\" data-options=\"{&quot;loop&quot;:&quot;true&quot;,&quot;transitionEffect&quot;:&quot;slide&quot;}\">\r\n\t\t<img decoding=\"async\" class=\"wp-spaios-slider-image\" src=\"https:\/\/www.boiler-berlin.de\/wp-content\/uploads\/2020\/05\/vvg1208419_1-1024x682.jpg\" alt=\"\" title=\"\" \/>\r\n\t<\/a>\r\n\t<a class=\"wp-spaios-img-link\" href=\"https:\/\/www.boiler-berlin.de\/wp-content\/uploads\/2021\/01\/vvg17067083_1-scaled.jpg\" data-fancybox=\"gallery\" data-options=\"{&quot;loop&quot;:&quot;true&quot;,&quot;transitionEffect&quot;:&quot;slide&quot;}\">\r\n\t\t<img decoding=\"async\" class=\"wp-spaios-slider-image\" src=\"https:\/\/www.boiler-berlin.de\/wp-content\/uploads\/2021\/01\/vvg17067083_1-scaled.jpg\" alt=\"\" title=\"\" \/>\r\n\t<\/a>\r\n\t<a class=\"wp-spaios-img-link\" href=\"https:\/\/www.boiler-berlin.de\/wp-content\/uploads\/2021\/01\/vvg17067274_1-1024x683.jpg\" data-fancybox=\"gallery\" data-options=\"{&quot;loop&quot;:&quot;true&quot;,&quot;transitionEffect&quot;:&quot;slide&quot;}\">\r\n\t\t<img decoding=\"async\" class=\"wp-spaios-slider-image\" src=\"https:\/\/www.boiler-berlin.de\/wp-content\/uploads\/2021\/01\/vvg17067274_1-1024x683.jpg\" alt=\"\" title=\"\" \/>\r\n\t<\/a>\r\n\t<a class=\"wp-spaios-img-link\" href=\"https:\/\/www.boiler-berlin.de\/wp-content\/uploads\/2021\/01\/vvg17067262_1-1024x683.jpg\" data-fancybox=\"gallery\" data-options=\"{&quot;loop&quot;:&quot;true&quot;,&quot;transitionEffect&quot;:&quot;slide&quot;}\">\r\n\t\t<img decoding=\"async\" class=\"wp-spaios-slider-image\" src=\"https:\/\/www.boiler-berlin.de\/wp-content\/uploads\/2021\/01\/vvg17067262_1-1024x683.jpg\" alt=\"\" title=\"\" \/>\r\n\t<\/a>\r\n\t\t\t\t\t<\/div>\n\t<\/div>\n\t\n\n\n\n<p>In our large Finnish sauna you can really work up a sweat at 90\u00b0. Our well-known infusions with great aromas take place here regularly.<br>The smaller bio sauna offers a milder climate at around 60\u00b0 for longer stays. Here, gentle sounds and slow color changes help you relax.<br>After sweating, take a cold shower and treat yourself to a few minutes of fresh air on our terrace.<\/p>\n\n\n\n<h2 class=\"wp-block-heading\">Steam<\/h2>\n\n\n\n\t<div class=\"wp-spaios-slider-wrap wp-spaios-row-clearfix\" data-conf=\"{&quot;arrow&quot;:&quot;true&quot;,&quot;pagination&quot;:&quot;true&quot;,&quot;speed&quot;:&quot;1000&quot;,&quot;autoplay&quot;:&quot;true&quot;,&quot;autoplay_speed&quot;:&quot;3000&quot;,&quot;show_caption&quot;:0,&quot;start_nivo&quot;:&quot;&quot;,&quot;effect_nivo&quot;:&quot;sliceDown&quot;,&quot;pauseon_over_nivo&quot;:&quot;true&quot;,&quot;random_start_nivo&quot;:&quot;true&quot;}\">\n\t\t<div class=\"wp-spaios-slider wp-spaios-nivo-slider wp-spaios-gallery  nivo-slider\" id=\"wp-spaios-nivo-slider-4\" style=\"max-width:px; margin:0 auto;\">\n\t\t\t\t<a class=\"wp-spaios-img-link\" href=\"https:\/\/www.boiler-berlin.de\/wp-content\/uploads\/2020\/05\/vvg17066820_1-1024x683.jpg\" data-fancybox=\"gallery\" data-options=\"{&quot;loop&quot;:&quot;true&quot;,&quot;transitionEffect&quot;:&quot;slide&quot;}\">\r\n\t\t<img decoding=\"async\" class=\"wp-spaios-slider-image\" src=\"https:\/\/www.boiler-berlin.de\/wp-content\/uploads\/2020\/05\/vvg17066820_1-1024x683.jpg\" alt=\"\" title=\"\" \/>\r\n\t<\/a>\r\n\t<a class=\"wp-spaios-img-link\" href=\"https:\/\/www.boiler-berlin.de\/wp-content\/uploads\/2020\/05\/vvg17066824_1-1024x683.jpg\" data-fancybox=\"gallery\" data-options=\"{&quot;loop&quot;:&quot;true&quot;,&quot;transitionEffect&quot;:&quot;slide&quot;}\">\r\n\t\t<img decoding=\"async\" class=\"wp-spaios-slider-image\" src=\"https:\/\/www.boiler-berlin.de\/wp-content\/uploads\/2020\/05\/vvg17066824_1-1024x683.jpg\" alt=\"\" title=\"\" \/>\r\n\t<\/a>\r\n\t<a class=\"wp-spaios-img-link\" href=\"https:\/\/www.boiler-berlin.de\/wp-content\/uploads\/2020\/05\/vvg17066827_1-1024x683.jpg\" data-fancybox=\"gallery\" data-options=\"{&quot;loop&quot;:&quot;true&quot;,&quot;transitionEffect&quot;:&quot;slide&quot;}\">\r\n\t\t<img decoding=\"async\" class=\"wp-spaios-slider-image\" src=\"https:\/\/www.boiler-berlin.de\/wp-content\/uploads\/2020\/05\/vvg17066827_1-1024x683.jpg\" alt=\"\" title=\"\" \/>\r\n\t<\/a>\r\n\t<a class=\"wp-spaios-img-link\" href=\"https:\/\/www.boiler-berlin.de\/wp-content\/uploads\/2020\/05\/vvg17066829_1-1024x683.jpg\" data-fancybox=\"gallery\" data-options=\"{&quot;loop&quot;:&quot;true&quot;,&quot;transitionEffect&quot;:&quot;slide&quot;}\">\r\n\t\t<img decoding=\"async\" class=\"wp-spaios-slider-image\" src=\"https:\/\/www.boiler-berlin.de\/wp-content\/uploads\/2020\/05\/vvg17066829_1-1024x683.jpg\" alt=\"\" title=\"\" \/>\r\n\t<\/a>\r\n\t<a class=\"wp-spaios-img-link\" href=\"https:\/\/www.boiler-berlin.de\/wp-content\/uploads\/2020\/05\/vvg17066825_1-1024x683.jpg\" data-fancybox=\"gallery\" data-options=\"{&quot;loop&quot;:&quot;true&quot;,&quot;transitionEffect&quot;:&quot;slide&quot;}\">\r\n\t\t<img decoding=\"async\" class=\"wp-spaios-slider-image\" src=\"https:\/\/www.boiler-berlin.de\/wp-content\/uploads\/2020\/05\/vvg17066825_1-1024x683.jpg\" alt=\"\" title=\"\" \/>\r\n\t<\/a>\r\n\t<a class=\"wp-spaios-img-link\" href=\"https:\/\/www.boiler-berlin.de\/wp-content\/uploads\/2020\/05\/vvg1208464_1-1024x682.jpg\" data-fancybox=\"gallery\" data-options=\"{&quot;loop&quot;:&quot;true&quot;,&quot;transitionEffect&quot;:&quot;slide&quot;}\">\r\n\t\t<img decoding=\"async\" class=\"wp-spaios-slider-image\" src=\"https:\/\/www.boiler-berlin.de\/wp-content\/uploads\/2020\/05\/vvg1208464_1-1024x682.jpg\" alt=\"\" title=\"\" \/>\r\n\t<\/a>\r\n\t<a class=\"wp-spaios-img-link\" href=\"https:\/\/www.boiler-berlin.de\/wp-content\/uploads\/2020\/05\/vvg17066795_1-1024x683.jpg\" data-fancybox=\"gallery\" data-options=\"{&quot;loop&quot;:&quot;true&quot;,&quot;transitionEffect&quot;:&quot;slide&quot;}\">\r\n\t\t<img decoding=\"async\" class=\"wp-spaios-slider-image\" src=\"https:\/\/www.boiler-berlin.de\/wp-content\/uploads\/2020\/05\/vvg17066795_1-1024x683.jpg\" alt=\"\" title=\"\" \/>\r\n\t<\/a>\r\n\t<a class=\"wp-spaios-img-link\" href=\"https:\/\/www.boiler-berlin.de\/wp-content\/uploads\/2020\/05\/vvg17066797_1-1024x683.jpg\" data-fancybox=\"gallery\" data-options=\"{&quot;loop&quot;:&quot;true&quot;,&quot;transitionEffect&quot;:&quot;slide&quot;}\">\r\n\t\t<img decoding=\"async\" class=\"wp-spaios-slider-image\" src=\"https:\/\/www.boiler-berlin.de\/wp-content\/uploads\/2020\/05\/vvg17066797_1-1024x683.jpg\" alt=\"\" title=\"\" \/>\r\n\t<\/a>\r\n\t<a class=\"wp-spaios-img-link\" href=\"https:\/\/www.boiler-berlin.de\/wp-content\/uploads\/2020\/05\/vvg17066802_1-1024x683.jpg\" data-fancybox=\"gallery\" data-options=\"{&quot;loop&quot;:&quot;true&quot;,&quot;transitionEffect&quot;:&quot;slide&quot;}\">\r\n\t\t<img decoding=\"async\" class=\"wp-spaios-slider-image\" src=\"https:\/\/www.boiler-berlin.de\/wp-content\/uploads\/2020\/05\/vvg17066802_1-1024x683.jpg\" alt=\"\" title=\"\" \/>\r\n\t<\/a>\r\n\t<a class=\"wp-spaios-img-link\" href=\"https:\/\/www.boiler-berlin.de\/wp-content\/uploads\/2020\/05\/vvg17066794_1-1024x683.jpg\" data-fancybox=\"gallery\" data-options=\"{&quot;loop&quot;:&quot;true&quot;,&quot;transitionEffect&quot;:&quot;slide&quot;}\">\r\n\t\t<img decoding=\"async\" class=\"wp-spaios-slider-image\" src=\"https:\/\/www.boiler-berlin.de\/wp-content\/uploads\/2020\/05\/vvg17066794_1-1024x683.jpg\" alt=\"\" title=\"\" \/>\r\n\t<\/a>\r\n\t\t\t\t\t<\/div>\n\t<\/div>\n\t\n\n\n\n<p>The BOILER offers steam in different variations. If you like it particularly hot, then relax at approx. 47\u00b0 in our Hamam. Here you will find reclining areas where you can really enjoy the hot steam.<br>The large steam bath is a labyrinth with many possibilities. Here you can explore the different angles at approx. 40\u00b0, or watch the other men splashing around in our aquarium.<\/p>\n\n\n\n<h2 class=\"wp-block-heading\">Pool<\/h2>\n\n\n\n\t<div class=\"wp-spaios-slider-wrap wp-spaios-row-clearfix\" data-conf=\"{&quot;arrow&quot;:&quot;true&quot;,&quot;pagination&quot;:&quot;true&quot;,&quot;speed&quot;:&quot;1000&quot;,&quot;autoplay&quot;:&quot;true&quot;,&quot;autoplay_speed&quot;:&quot;3000&quot;,&quot;show_caption&quot;:0,&quot;start_nivo&quot;:&quot;&quot;,&quot;effect_nivo&quot;:&quot;sliceDown&quot;,&quot;pauseon_over_nivo&quot;:&quot;true&quot;,&quot;random_start_nivo&quot;:&quot;true&quot;}\">\n\t\t<div class=\"wp-spaios-slider wp-spaios-nivo-slider wp-spaios-gallery  nivo-slider\" id=\"wp-spaios-nivo-slider-5\" style=\"max-width:px; margin:0 auto;\">\n\t\t\t\t<img decoding=\"async\" class=\"wp-spaios-slider-image\" src=\"https:\/\/www.boiler-berlin.de\/wp-content\/uploads\/2020\/05\/cropped-vvg17067103_1-scaled-1-1024x682.jpg\" alt=\"\" title=\"\" \/>\r\n\t<img decoding=\"async\" class=\"wp-spaios-slider-image\" src=\"https:\/\/www.boiler-berlin.de\/wp-content\/uploads\/2020\/05\/cropped-vvg17067053_1-scaled-1-1024x576.jpg\" alt=\"\" title=\"\" \/>\r\n\t<img decoding=\"async\" class=\"wp-spaios-slider-image\" src=\"https:\/\/www.boiler-berlin.de\/wp-content\/uploads\/2021\/01\/vvg17067095_1-scaled.jpg\" alt=\"\" title=\"\" \/>\r\n\t<img decoding=\"async\" class=\"wp-spaios-slider-image\" src=\"https:\/\/www.boiler-berlin.de\/wp-content\/uploads\/2020\/05\/vvg17067129_1-1024x683.jpg\" alt=\"\" title=\"\" \/>\r\n\t<img decoding=\"async\" class=\"wp-spaios-slider-image\" src=\"https:\/\/www.boiler-berlin.de\/wp-content\/uploads\/2020\/05\/vvg17067101_1-1024x683.jpg\" alt=\"\" title=\"\" \/>\r\n\t<img decoding=\"async\" class=\"wp-spaios-slider-image\" src=\"https:\/\/www.boiler-berlin.de\/wp-content\/uploads\/2020\/05\/vvg17067099_1-1024x683.jpg\" alt=\"\" title=\"\" \/>\r\n\t<img decoding=\"async\" class=\"wp-spaios-slider-image\" src=\"https:\/\/www.boiler-berlin.de\/wp-content\/uploads\/2020\/05\/vvg17067098_1-1024x683.jpg\" alt=\"\" title=\"\" \/>\r\n\t<img decoding=\"async\" class=\"wp-spaios-slider-image\" src=\"https:\/\/www.boiler-berlin.de\/wp-content\/uploads\/2020\/05\/vvg17067270_1-1024x683.jpg\" alt=\"\" title=\"\" \/>\r\n\t<img decoding=\"async\" class=\"wp-spaios-slider-image\" src=\"https:\/\/www.boiler-berlin.de\/wp-content\/uploads\/2020\/05\/vvg1208323_1-1024x682.jpg\" alt=\"\" title=\"\" \/>\r\n\t\t\t\t\t<\/div>\n\t<\/div>\n\t\n\n\n\n<p>The pool is the heart of the BOILER. It is located in the center of the sauna. So you can enjoy the bubbles or the waterfall at a pleasant 33\u00b0 and still have everything around you in view.<br>Of course, we pay attention to the highest hygienic standards in water treatment: a fully automatic chlorozone system ensures perfect water quality at all times. This is regularly checked and confirmed by our staff and independent laboratory analyses.<\/p>\n\n\n\n<h2 class=\"wp-block-heading\">Cruising<\/h2>\n\n\n\n<figure class=\"wp-block-gallery has-nested-images columns-default is-cropped wp-block-gallery-1 is-layout-flex wp-block-gallery-is-layout-flex\">\n<figure class=\"wp-block-image size-large\"><img decoding=\"async\" width=\"2560\" height=\"1706\" data-id=\"494\" src=\"http:\/\/web5.boiler-berlin.de\/wp-content\/uploads\/2021\/01\/vvg17067218_1-scaled.jpg\" alt=\"\" class=\"wp-image-494\" srcset=\"https:\/\/www.boiler-berlin.de\/wp-content\/uploads\/2021\/01\/vvg17067218_1-scaled.jpg 2560w, https:\/\/www.boiler-berlin.de\/wp-content\/uploads\/2021\/01\/vvg17067218_1-scaled-350x233.jpg 350w, https:\/\/www.boiler-berlin.de\/wp-content\/uploads\/2021\/01\/vvg17067218_1-300x200.jpg 300w, https:\/\/www.boiler-berlin.de\/wp-content\/uploads\/2021\/01\/vvg17067218_1-768x512.jpg 768w, https:\/\/www.boiler-berlin.de\/wp-content\/uploads\/2021\/01\/vvg17067218_1-2048x1365.jpg 2048w\" sizes=\"(max-width: 706px) 89vw, (max-width: 767px) 82vw, 740px\" \/><\/figure>\n\n\n\n<figure class=\"wp-block-image size-large\"><img decoding=\"async\" width=\"1024\" height=\"683\" data-id=\"214\" src=\"http:\/\/web5.boiler-berlin.de\/wp-content\/uploads\/2020\/05\/vvg17067336_1-1024x683.jpg\" alt=\"\" class=\"wp-image-214\" srcset=\"https:\/\/www.boiler-berlin.de\/wp-content\/uploads\/2020\/05\/vvg17067336_1-1024x683.jpg 1024w, https:\/\/www.boiler-berlin.de\/wp-content\/uploads\/2020\/05\/vvg17067336_1-scaled-350x233.jpg 350w, https:\/\/www.boiler-berlin.de\/wp-content\/uploads\/2020\/05\/vvg17067336_1-300x200.jpg 300w, https:\/\/www.boiler-berlin.de\/wp-content\/uploads\/2020\/05\/vvg17067336_1-768x512.jpg 768w, https:\/\/www.boiler-berlin.de\/wp-content\/uploads\/2020\/05\/vvg17067336_1-1536x1024.jpg 1536w, https:\/\/www.boiler-berlin.de\/wp-content\/uploads\/2020\/05\/vvg17067336_1-2048x1365.jpg 2048w\" sizes=\"(max-width: 706px) 89vw, (max-width: 767px) 82vw, 740px\" \/><\/figure>\n\n\n\n<figure class=\"wp-block-image size-large\"><img loading=\"lazy\" decoding=\"async\" width=\"1024\" height=\"683\" data-id=\"247\" src=\"http:\/\/web5.boiler-berlin.de\/wp-content\/uploads\/2020\/05\/vvg17067120_1-1024x683.jpg\" alt=\"\" class=\"wp-image-247\" srcset=\"https:\/\/www.boiler-berlin.de\/wp-content\/uploads\/2020\/05\/vvg17067120_1-1024x683.jpg 1024w, https:\/\/www.boiler-berlin.de\/wp-content\/uploads\/2020\/05\/vvg17067120_1-scaled-350x233.jpg 350w, https:\/\/www.boiler-berlin.de\/wp-content\/uploads\/2020\/05\/vvg17067120_1-300x200.jpg 300w, https:\/\/www.boiler-berlin.de\/wp-content\/uploads\/2020\/05\/vvg17067120_1-768x512.jpg 768w, https:\/\/www.boiler-berlin.de\/wp-content\/uploads\/2020\/05\/vvg17067120_1-1536x1024.jpg 1536w, https:\/\/www.boiler-berlin.de\/wp-content\/uploads\/2020\/05\/vvg17067120_1-2048x1365.jpg 2048w\" sizes=\"(max-width: 706px) 89vw, (max-width: 767px) 82vw, 740px\" \/><\/figure>\n\n\n\n<figure class=\"wp-block-image size-large\"><img loading=\"lazy\" decoding=\"async\" width=\"1024\" height=\"683\" data-id=\"178\" src=\"http:\/\/web5.boiler-berlin.de\/wp-content\/uploads\/2020\/05\/vvg17067319_1-1024x683.jpg\" alt=\"\" class=\"wp-image-178\" srcset=\"https:\/\/www.boiler-berlin.de\/wp-content\/uploads\/2020\/05\/vvg17067319_1-1024x683.jpg 1024w, https:\/\/www.boiler-berlin.de\/wp-content\/uploads\/2020\/05\/vvg17067319_1-scaled-350x233.jpg 350w, https:\/\/www.boiler-berlin.de\/wp-content\/uploads\/2020\/05\/vvg17067319_1-300x200.jpg 300w, https:\/\/www.boiler-berlin.de\/wp-content\/uploads\/2020\/05\/vvg17067319_1-768x512.jpg 768w, https:\/\/www.boiler-berlin.de\/wp-content\/uploads\/2020\/05\/vvg17067319_1-1536x1024.jpg 1536w, https:\/\/www.boiler-berlin.de\/wp-content\/uploads\/2020\/05\/vvg17067319_1-2048x1365.jpg 2048w\" sizes=\"(max-width: 706px) 89vw, (max-width: 767px) 82vw, 740px\" \/><\/figure>\n\n\n\n<figure class=\"wp-block-image size-large\"><img loading=\"lazy\" decoding=\"async\" width=\"1024\" height=\"683\" data-id=\"177\" src=\"http:\/\/web5.boiler-berlin.de\/wp-content\/uploads\/2020\/05\/vvg17067314_1-1024x683.jpg\" alt=\"\" class=\"wp-image-177\" srcset=\"https:\/\/www.boiler-berlin.de\/wp-content\/uploads\/2020\/05\/vvg17067314_1-1024x683.jpg 1024w, https:\/\/www.boiler-berlin.de\/wp-content\/uploads\/2020\/05\/vvg17067314_1-scaled-350x233.jpg 350w, https:\/\/www.boiler-berlin.de\/wp-content\/uploads\/2020\/05\/vvg17067314_1-300x200.jpg 300w, https:\/\/www.boiler-berlin.de\/wp-content\/uploads\/2020\/05\/vvg17067314_1-768x512.jpg 768w, https:\/\/www.boiler-berlin.de\/wp-content\/uploads\/2020\/05\/vvg17067314_1-1536x1024.jpg 1536w, https:\/\/www.boiler-berlin.de\/wp-content\/uploads\/2020\/05\/vvg17067314_1-2048x1365.jpg 2048w\" sizes=\"(max-width: 706px) 89vw, (max-width: 767px) 82vw, 740px\" \/><\/figure>\n\n\n\n<figure class=\"wp-block-image size-large\"><img loading=\"lazy\" decoding=\"async\" width=\"1024\" height=\"683\" data-id=\"175\" src=\"http:\/\/web5.boiler-berlin.de\/wp-content\/uploads\/2020\/05\/vvg17067310_1-1024x683.jpg\" alt=\"\" class=\"wp-image-175\" srcset=\"https:\/\/www.boiler-berlin.de\/wp-content\/uploads\/2020\/05\/vvg17067310_1-1024x683.jpg 1024w, https:\/\/www.boiler-berlin.de\/wp-content\/uploads\/2020\/05\/vvg17067310_1-scaled-350x233.jpg 350w, https:\/\/www.boiler-berlin.de\/wp-content\/uploads\/2020\/05\/vvg17067310_1-300x200.jpg 300w, https:\/\/www.boiler-berlin.de\/wp-content\/uploads\/2020\/05\/vvg17067310_1-768x512.jpg 768w, https:\/\/www.boiler-berlin.de\/wp-content\/uploads\/2020\/05\/vvg17067310_1-1536x1024.jpg 1536w, https:\/\/www.boiler-berlin.de\/wp-content\/uploads\/2020\/05\/vvg17067310_1-2048x1365.jpg 2048w\" sizes=\"(max-width: 706px) 89vw, (max-width: 767px) 82vw, 740px\" \/><\/figure>\n<\/figure>\n\n\n\n<p>Right next to the spa area, you&#8217;ll find a spacious area with over 20 free-to-use private cabins for rest and relaxation.<br>Discover the underground possibilities, retreat or relax according to your preferences.<\/p>\n","protected":false},"excerpt":{"rendered":"<p>Welcome to Berlin&#8217;s most unique men&#8217;s bathhouse. With our incomparable mix of industrial architecture, modern wellness facilities and diverse gastronomic offerings, we invite you to leave your everyday life behind. There is much to discover. With a smile! Lockerroom Our spacious changing area awaits you with plenty of locker space.Fresh towels, slippers, disposable razor and &hellip; <\/p>\n<p class=\"link-more\"><a href=\"https:\/\/boiler-berlin.de\/en\/inside\/\" class=\"more-link\">Continue reading<span class=\"screen-reader-text\"> &#8220;Inside&#8221;<\/span><\/a><\/p>\n","protected":false},"author":1,"featured_media":0,"parent":0,"menu_order":0,"comment_status":"closed","ping_status":"closed","template":"","meta":{"footnotes":""},"class_list":["post-1104","page","type-page","status-publish","hentry"],"translation":{"provider":"WPGlobus","version":"3.0.2","language":"en","enabled_languages":["de","en"],"languages":{"de":{"title":true,"content":true,"excerpt":false},"en":{"title":true,"content":true,"excerpt":false}}},"_links":{"self":[{"href":"https:\/\/boiler-berlin.de\/en\/wp-json\/wp\/v2\/pages\/1104","targetHints":{"allow":["GET"]}}],"collection":[{"href":"https:\/\/boiler-berlin.de\/en\/wp-json\/wp\/v2\/pages"}],"about":[{"href":"https:\/\/boiler-berlin.de\/en\/wp-json\/wp\/v2\/types\/page"}],"author":[{"embeddable":true,"href":"https:\/\/boiler-berlin.de\/en\/wp-json\/wp\/v2\/users\/1"}],"replies":[{"embeddable":true,"href":"https:\/\/boiler-berlin.de\/en\/wp-json\/wp\/v2\/comments?post=1104"}],"version-history":[{"count":50,"href":"https:\/\/boiler-berlin.de\/en\/wp-json\/wp\/v2\/pages\/1104\/revisions"}],"predecessor-version":[{"id":2765,"href":"https:\/\/boiler-berlin.de\/en\/wp-json\/wp\/v2\/pages\/1104\/revisions\/2765"}],"wp:attachment":[{"href":"https:\/\/boiler-berlin.de\/en\/wp-json\/wp\/v2\/media?parent=1104"}],"curies":[{"name":"wp","href":"https:\/\/api.w.org\/{rel}","templated":true}]}}