{"id":5509,"date":"2024-09-20T11:32:26","date_gmt":"2024-09-20T09:32:26","guid":{"rendered":"https:\/\/www.boiler-berlin.de\/?page_id=5509"},"modified":"2024-09-20T11:32:27","modified_gmt":"2024-09-20T09:32:27","slug":"nachtsauna-3","status":"publish","type":"page","link":"https:\/\/boiler-berlin.de\/en\/nachtsauna-3\/","title":{"rendered":"Nachtsauna"},"content":{"rendered":"\n<p>Alles hat ein Ende &#8211; auch wir:<br>Der Boiler steht jeden Tag bis zum fr\u00fchen Morgen unter Dampf, aber nat\u00fcrlich ben\u00f6tigen wir auch Zeit, um alles wieder gr\u00fcndlich f\u00fcr Dich zu reinigen.<\/p>\n\n\n\n<p>Bitte beachte dabei folgende Regeln:<br>Eine Stunde vor Schluss wecken wir alle schlafenden G\u00e4ste. Du hast dann noch gen\u00fcgend Zeit f\u00fcr einen allerletzten Saunagang und zum Duschen.<\/p>\n\n\n\n<p>Eine halbe Stunde vor Schluss schalten wir die Saunen aus, die Bar schlie\u00dft und das Licht geht an.<\/p>\n\n\n\n<p>Dann bitten wir Dich einzupacken und den BOILER zu verlassen, damit Du Dich auf Deinen n\u00e4chsten Besuch freuen kannst.<\/p>\n\n\n\n<p>Vielen Dank f\u00fcr Deine Unterst\u00fctzung.<\/p>\n","protected":false},"excerpt":{"rendered":"<p>Alles hat ein Ende &#8211; auch wir:Der Boiler steht jeden Tag bis zum fr\u00fchen Morgen unter Dampf, aber nat\u00fcrlich ben\u00f6tigen wir auch Zeit, um alles wieder gr\u00fcndlich f\u00fcr Dich zu reinigen. Bitte beachte dabei folgende Regeln:Eine Stunde vor Schluss wecken wir alle schlafenden G\u00e4ste. Du hast dann noch gen\u00fcgend Zeit f\u00fcr einen allerletzten Saunagang und &hellip; <\/p>\n<p class=\"link-more\"><a href=\"https:\/\/boiler-berlin.de\/en\/nachtsauna-3\/\" class=\"more-link\">Continue reading<span class=\"screen-reader-text\"> &#8220;Nachtsauna&#8221;<\/span><\/a><\/p>\n","protected":false},"author":1,"featured_media":0,"parent":0,"menu_order":0,"comment_status":"closed","ping_status":"closed","template":"","meta":{"footnotes":""},"class_list":["post-5509","page","type-page","status-publish","hentry"],"translation":{"provider":"WPGlobus","version":"3.0.2","language":"en","enabled_languages":["de","en"],"languages":{"de":{"title":true,"content":true,"excerpt":false},"en":{"title":false,"content":false,"excerpt":false}}},"_links":{"self":[{"href":"https:\/\/boiler-berlin.de\/en\/wp-json\/wp\/v2\/pages\/5509","targetHints":{"allow":["GET"]}}],"collection":[{"href":"https:\/\/boiler-berlin.de\/en\/wp-json\/wp\/v2\/pages"}],"about":[{"href":"https:\/\/boiler-berlin.de\/en\/wp-json\/wp\/v2\/types\/page"}],"author":[{"embeddable":true,"href":"https:\/\/boiler-berlin.de\/en\/wp-json\/wp\/v2\/users\/1"}],"replies":[{"embeddable":true,"href":"https:\/\/boiler-berlin.de\/en\/wp-json\/wp\/v2\/comments?post=5509"}],"version-history":[{"count":1,"href":"https:\/\/boiler-berlin.de\/en\/wp-json\/wp\/v2\/pages\/5509\/revisions"}],"predecessor-version":[{"id":5510,"href":"https:\/\/boiler-berlin.de\/en\/wp-json\/wp\/v2\/pages\/5509\/revisions\/5510"}],"wp:attachment":[{"href":"https:\/\/boiler-berlin.de\/en\/wp-json\/wp\/v2\/media?parent=5509"}],"curies":[{"name":"wp","href":"https:\/\/api.w.org\/{rel}","templated":true}]}}